{"id":24848143,"date":"2020-11-30T13:41:53","date_gmt":"2020-11-30T13:41:53","guid":{"rendered":"https:\/\/mikebastin.com\/blog\/"},"modified":"2026-02-19T22:57:56","modified_gmt":"2026-02-19T22:57:56","slug":"blog","status":"publish","type":"page","link":"https:\/\/mikebastin.com\/fr\/blog\/","title":{"rendered":"Blog SEO International &amp; Marketing Digital Multilingue"},"content":{"rendered":"<p>[et_pb_section fb_built=\u00a0\u00bb1&Prime; _builder_version=\u00a0\u00bb4.27.0&Prime; background_color=\u00a0\u00bbrgba(0,0,0,0)\u00a0\u00bb use_background_color_gradient=\u00a0\u00bbon\u00a0\u00bb background_color_gradient_direction=\u00a0\u00bb1deg\u00a0\u00bb background_color_gradient_stops=\u00a0\u00bb#212c91 0%|rgba(12,16,40,0.2) 100%\u00a0\u00bb background_color_gradient_overlays_image=\u00a0\u00bbon\u00a0\u00bb background_color_gradient_start=\u00a0\u00bb#212c91&Prime; background_color_gradient_end=\u00a0\u00bbrgba(12,16,40,0.2)\u00a0\u00bb background_image=\u00a0\u00bbhttps:\/\/mikebastin.com\/wp-content\/uploads\/2024\/09\/blog.jpeg\u00a0\u00bb background_blend=\u00a0\u00bbdarken\u00a0\u00bb z_index=\u00a0\u00bb0&Prime; custom_padding=\u00a0\u00bb150px||200px||false|false\u00a0\u00bb bottom_divider_height=\u00a0\u00bb150px\u00a0\u00bb global_colors_info=\u00a0\u00bb{}\u00a0\u00bb][et_pb_row _builder_version=\u00a0\u00bb4.16&Prime; background_size=\u00a0\u00bbinitial\u00a0\u00bb background_position=\u00a0\u00bbtop_left\u00a0\u00bb background_repeat=\u00a0\u00bbrepeat\u00a0\u00bb scroll_vertical_motion_enable=\u00a0\u00bbon\u00a0\u00bb scroll_vertical_motion=\u00a0\u00bb0|50|50|100|-1|0|1&Prime; scroll_fade_enable=\u00a0\u00bbon\u00a0\u00bb scroll_fade=\u00a0\u00bb0|70|70|100|100%|100|0%\u00a0\u00bb motion_trigger_start=\u00a0\u00bbbottom\u00a0\u00bb global_colors_info=\u00a0\u00bb{}\u00a0\u00bb][et_pb_column type=\u00a0\u00bb4_4&Prime; _builder_version=\u00a0\u00bb4.16&Prime; custom_padding=\u00a0\u00bb|||\u00a0\u00bb global_colors_info=\u00a0\u00bb{}\u00a0\u00bb custom_padding__hover=\u00a0\u00bb|||\u00a0\u00bb][et_pb_text _builder_version=\u00a0\u00bb4.27.5&Prime; text_font=\u00a0\u00bbPoppins|700|||||||\u00a0\u00bb text_text_color=\u00a0\u00bb#ffffff\u00a0\u00bb text_font_size=\u00a0\u00bb4vw\u00a0\u00bb text_line_height=\u00a0\u00bb1em\u00a0\u00bb header_font=\u00a0\u00bbPoppins|700|||||||\u00a0\u00bb header_text_color=\u00a0\u00bb#FFFFFF\u00a0\u00bb header_font_size=\u00a0\u00bb4vw\u00a0\u00bb text_orientation=\u00a0\u00bbcenter\u00a0\u00bb hover_enabled=\u00a0\u00bb0&Prime; text_font_size_tablet=\u00a0\u00bb8vw\u00a0\u00bb text_font_size_phone=\u00a0\u00bb8vw\u00a0\u00bb text_font_size_last_edited=\u00a0\u00bbon|tablet\u00a0\u00bb header_font_size_tablet=\u00a0\u00bb8vw\u00a0\u00bb header_font_size_phone=\u00a0\u00bb10vw\u00a0\u00bb header_font_size_last_edited=\u00a0\u00bbon|phone\u00a0\u00bb global_colors_info=\u00a0\u00bb{}\u00a0\u00bb sticky_enabled=\u00a0\u00bb0&Prime;]<\/p>\n<h1>Blog SEO International &amp; Marketing Digital Multilingue<\/h1>\n<p>[\/et_pb_text][et_pb_text _builder_version=\u00a0\u00bb4.27.5&Prime; text_font=\u00a0\u00bbPoppins|300|||||||\u00a0\u00bb text_text_color=\u00a0\u00bb#ffffff\u00a0\u00bb text_font_size=\u00a0\u00bb2vw\u00a0\u00bb text_orientation=\u00a0\u00bbcenter\u00a0\u00bb custom_margin=\u00a0\u00bb||||false|false\u00a0\u00bb hover_enabled=\u00a0\u00bb0&Prime; text_font_size_tablet=\u00a0\u00bb4vw\u00a0\u00bb text_font_size_phone=\u00a0\u00bb6vw\u00a0\u00bb text_font_size_last_edited=\u00a0\u00bbon|phone\u00a0\u00bb global_colors_info=\u00a0\u00bb{}\u00a0\u00bb sticky_enabled=\u00a0\u00bb0&Prime;]<\/p>\n<p>Strat\u00e9gies, analyses et tendances pour d\u00e9velopper votre visibilit\u00e9 \u00e0 l\u2019international<\/p>\n<p>[\/et_pb_text][\/et_pb_column][\/et_pb_row][\/et_pb_section][et_pb_section fb_built=\u00a0\u00bb1&Prime; _builder_version=\u00a0\u00bb4.16&Prime; background_color=\u00a0\u00bbrgba(0,0,0,0)\u00a0\u00bb custom_margin=\u00a0\u00bb-60px||||false|false\u00a0\u00bb custom_padding=\u00a0\u00bb0px||0px||false|false\u00a0\u00bb global_colors_info=\u00a0\u00bb{}\u00a0\u00bb][et_pb_row _builder_version=\u00a0\u00bb4.16&Prime; max_width=\u00a0\u00bb120px\u00a0\u00bb module_alignment=\u00a0\u00bbcenter\u00a0\u00bb custom_margin=\u00a0\u00bb||||false|false\u00a0\u00bb custom_padding=\u00a0\u00bb0px||0px||false|false\u00a0\u00bb global_colors_info=\u00a0\u00bb{}\u00a0\u00bb][et_pb_column type=\u00a0\u00bb4_4&Prime; _builder_version=\u00a0\u00bb4.16&Prime; global_colors_info=\u00a0\u00bb{}\u00a0\u00bb][dipi_hover_box use_content_icon=\u00a0\u00bbon\u00a0\u00bb content_icon_color=\u00a0\u00bb#f4f4f4&Prime; content_circle_icon=\u00a0\u00bbon\u00a0\u00bb content_circle_color=\u00a0\u00bb#212c91&Prime; use_content_hover_icon=\u00a0\u00bbon\u00a0\u00bb content_hover_icon_color=\u00a0\u00bb#212c91&Prime; content_hover_circle_icon=\u00a0\u00bbon\u00a0\u00bb content_hover_circle_color=\u00a0\u00bb#ffffff\u00a0\u00bb hover_box_align_front=\u00a0\u00bbtop\u00a0\u00bb hover_box_align_back=\u00a0\u00bbtop\u00a0\u00bb box_height=\u00a0\u00bb120px\u00a0\u00bb content_bg_color=\u00a0\u00bbrgba(0,0,0,0)\u00a0\u00bb content_hover_bg_color=\u00a0\u00bbrgba(0,0,0,0)\u00a0\u00bb _builder_version=\u00a0\u00bb4.16&Prime; background_color=\u00a0\u00bbrgba(0,0,0,0)\u00a0\u00bb max_width=\u00a0\u00bb90px\u00a0\u00bb module_alignment=\u00a0\u00bbcenter\u00a0\u00bb custom_margin=\u00a0\u00bb||||false|false\u00a0\u00bb custom_padding=\u00a0\u00bb||||false|false\u00a0\u00bb animation_style=\u00a0\u00bbbounce\u00a0\u00bb animation_direction=\u00a0\u00bbtop\u00a0\u00bb animation_duration=\u00a0\u00bb2000ms\u00a0\u00bb animation_delay=\u00a0\u00bb2000ms\u00a0\u00bb animation_speed_curve=\u00a0\u00bbease-out\u00a0\u00bb link_option_url=\u00a0\u00bb#services\u00a0\u00bb custom_css_content_card_container=\u00a0\u00bbpadding:0!important;\u00a0\u00bb custom_css_content_hover_card_container=\u00a0\u00bbpadding:0!important;\u00a0\u00bb border_radii=\u00a0\u00bbon|100px|100px|100px|100px\u00a0\u00bb global_colors_info=\u00a0\u00bb{}\u00a0\u00bb background__hover_enabled=\u00a0\u00bbon|hover\u00a0\u00bb overlay_bg_color_gradient_type_tablet=\u00a0\u00bblinear\u00a0\u00bb overlay_bg_color_gradient_type_phone=\u00a0\u00bblinear\u00a0\u00bb overlay_bg_color_gradient_type__hover=\u00a0\u00bblinear\u00a0\u00bb image_bg_color_gradient_type__hover=\u00a0\u00bblinear\u00a0\u00bb item_bg_color_gradient_type=\u00a0\u00bblinear\u00a0\u00bb overlay_bg_color_gradient_type=\u00a0\u00bblinear\u00a0\u00bb image_bg_color_gradient_type=\u00a0\u00bblinear\u00a0\u00bb front_side_bg_color_gradient_type=\u00a0\u00bblinear\u00a0\u00bb back_side_bg_color_gradient_type=\u00a0\u00bblinear\u00a0\u00bb first_heading_color_gradient_type=\u00a0\u00bblinear\u00a0\u00bb second_heading_color_gradient_type=\u00a0\u00bblinear\u00a0\u00bb background_text_color_gradient_type=\u00a0\u00bblinear\u00a0\u00bb fh_reveal_effect_color_gradient_type=\u00a0\u00bblinear\u00a0\u00bb sh_reveal_effect_color_gradient_type=\u00a0\u00bblinear\u00a0\u00bb][\/dipi_hover_box][\/et_pb_column][\/et_pb_row][\/et_pb_section][et_pb_section fb_built=\u00a0\u00bb1&Prime; _builder_version=\u00a0\u00bb4.16&Prime; _module_preset=\u00a0\u00bbdefault\u00a0\u00bb global_colors_info=\u00a0\u00bb{}\u00a0\u00bb][et_pb_row _builder_version=\u00a0\u00bb4.16&Prime; _module_preset=\u00a0\u00bbdefault\u00a0\u00bb global_colors_info=\u00a0\u00bb{}\u00a0\u00bb][et_pb_column type=\u00a0\u00bb4_4&Prime; _builder_version=\u00a0\u00bb4.16&Prime; _module_preset=\u00a0\u00bbdefault\u00a0\u00bb global_colors_info=\u00a0\u00bb{}\u00a0\u00bb][et_pb_blog fullwidth=\u00a0\u00bboff\u00a0\u00bb posts_number=\u00a0\u00bb12&Prime; show_more=\u00a0\u00bbon\u00a0\u00bb _builder_version=\u00a0\u00bb4.27.2&Prime; _module_preset=\u00a0\u00bbdefault\u00a0\u00bb header_font=\u00a0\u00bbPoppins|700|||||||\u00a0\u00bb header_text_color=\u00a0\u00bb#0c1028&Prime; header_font_size=\u00a0\u00bb24px\u00a0\u00bb header_line_height=\u00a0\u00bb1.2em\u00a0\u00bb body_font=\u00a0\u00bbPoppins|300|||||||\u00a0\u00bb body_text_color=\u00a0\u00bb#0c1028&Prime; body_line_height=\u00a0\u00bb1.9em\u00a0\u00bb meta_font=\u00a0\u00bb|600||on|||||\u00a0\u00bb meta_text_color=\u00a0\u00bb#212c91&Prime; meta_font_size=\u00a0\u00bb12px\u00a0\u00bb meta_letter_spacing=\u00a0\u00bb1px\u00a0\u00bb read_more_font=\u00a0\u00bbPoppins|700||on|||||\u00a0\u00bb read_more_text_color=\u00a0\u00bb#212c91&Prime; custom_css_content=\u00a0\u00bbmargin-bottom: 20px !important;||margin-top: 20px;\u00a0\u00bb custom_css_read_more=\u00a0\u00bbpadding: 8px 20px;||background-color: #e4e6f9;||border-radius: 100px;||margin-top: 20px !important;||display: inline-block;||transition: all .3s ease-in-out;\u00a0\u00bb border_width_all=\u00a0\u00bb0px\u00a0\u00bb box_shadow_style=\u00a0\u00bbpreset1&Prime; box_shadow_blur=\u00a0\u00bb40px\u00a0\u00bb box_shadow_color=\u00a0\u00bbrgba(33,44,145,0.1)\u00a0\u00bb global_colors_info=\u00a0\u00bb{}\u00a0\u00bb custom_css_read_more__hover_enabled=\u00a0\u00bbon|desktop\u00a0\u00bb custom_css_read_more__hover=\u00a0\u00bbbackground-color: #2b3db3;||transition: all .4s ease-in-out;\u00a0\u00bb read_more_text_color__hover_enabled=\u00a0\u00bbon|hover\u00a0\u00bb read_more_text_color__hover=\u00a0\u00bb#ffffff\u00a0\u00bb][\/et_pb_blog][\/et_pb_column][\/et_pb_row][\/et_pb_section][et_pb_section fb_built=\u00a0\u00bb1&Prime; _builder_version=\u00a0\u00bb4.16&Prime; use_background_color_gradient=\u00a0\u00bbon\u00a0\u00bb background_color_gradient_direction=\u00a0\u00bb104deg\u00a0\u00bb background_color_gradient_stops=\u00a0\u00bb#212c91 0%|#324fd1 100%\u00a0\u00bb background_color_gradient_start=\u00a0\u00bb#212c91&Prime; background_color_gradient_end=\u00a0\u00bb#324fd1&Prime; background_image=\u00a0\u00bbhttps:\/\/demo.divi-pixel.com\/agency\/wp-content\/uploads\/sites\/2\/2020\/04\/agency-pattern-03.png\u00a0\u00bb background_size=\u00a0\u00bbcontain\u00a0\u00bb background_position=\u00a0\u00bbcenter_right\u00a0\u00bb background_repeat=\u00a0\u00bbrepeat\u00a0\u00bb background_blend=\u00a0\u00bbcolor-dodge\u00a0\u00bb global_colors_info=\u00a0\u00bb{}\u00a0\u00bb][et_pb_row use_custom_gutter=\u00a0\u00bbon\u00a0\u00bb gutter_width=\u00a0\u00bb1&Prime; _builder_version=\u00a0\u00bb4.16&Prime; background_size=\u00a0\u00bbinitial\u00a0\u00bb background_position=\u00a0\u00bbtop_left\u00a0\u00bb background_repeat=\u00a0\u00bbrepeat\u00a0\u00bb global_colors_info=\u00a0\u00bb{}\u00a0\u00bb][et_pb_column type=\u00a0\u00bb4_4&Prime; _builder_version=\u00a0\u00bb4.16&Prime; custom_padding=\u00a0\u00bb|||\u00a0\u00bb global_colors_info=\u00a0\u00bb{}\u00a0\u00bb custom_padding__hover=\u00a0\u00bb|||\u00a0\u00bb][et_pb_text _builder_version=\u00a0\u00bb4.16&Prime; text_font=\u00a0\u00bbPoppins|700|||||||\u00a0\u00bb text_text_color=\u00a0\u00bb#ffffff\u00a0\u00bb text_font_size=\u00a0\u00bb2.5vw\u00a0\u00bb text_line_height=\u00a0\u00bb1.2em\u00a0\u00bb text_orientation=\u00a0\u00bbcenter\u00a0\u00bb text_font_size_tablet=\u00a0\u00bb5vw\u00a0\u00bb text_font_size_phone=\u00a0\u00bb7vw\u00a0\u00bb text_font_size_last_edited=\u00a0\u00bbon|phone\u00a0\u00bb global_colors_info=\u00a0\u00bb{}\u00a0\u00bb]Travaillons ensemble[\/et_pb_text][et_pb_divider color=\u00a0\u00bb#ffffff\u00a0\u00bb divider_style=\u00a0\u00bbdotted\u00a0\u00bb divider_position=\u00a0\u00bbbottom\u00a0\u00bb divider_weight=\u00a0\u00bb8px\u00a0\u00bb _builder_version=\u00a0\u00bb4.16&Prime; width=\u00a0\u00bb40px\u00a0\u00bb max_width=\u00a0\u00bb40px\u00a0\u00bb module_alignment=\u00a0\u00bbcenter\u00a0\u00bb animation_style=\u00a0\u00bbzoom\u00a0\u00bb animation_direction=\u00a0\u00bbright\u00a0\u00bb animation_duration=\u00a0\u00bb2000ms\u00a0\u00bb animation_intensity_zoom=\u00a0\u00bb100%\u00a0\u00bb global_colors_info=\u00a0\u00bb{}\u00a0\u00bb][\/et_pb_divider][et_pb_text _builder_version=\u00a0\u00bb4.27.0&Prime; text_font=\u00a0\u00bbPoppins|300|||||||\u00a0\u00bb text_text_color=\u00a0\u00bbrgba(255,255,255,0.5)\u00a0\u00bb text_font_size=\u00a0\u00bb20px\u00a0\u00bb text_line_height=\u00a0\u00bb1.4em\u00a0\u00bb text_orientation=\u00a0\u00bbcenter\u00a0\u00bb max_width=\u00a0\u00bb859px\u00a0\u00bb module_alignment=\u00a0\u00bbcenter\u00a0\u00bb custom_margin=\u00a0\u00bb20px||||false|false\u00a0\u00bb text_font_size_tablet=\u00a0\u00bb\u00a0\u00bb text_font_size_phone=\u00a0\u00bb17px\u00a0\u00bb text_font_size_last_edited=\u00a0\u00bbon|phone\u00a0\u00bb global_colors_info=\u00a0\u00bb{}\u00a0\u00bb]<\/p>\n<p>Du SEO et de la cr&eacute;ation de sites web au contenu cibl&eacute; et au PPC, nous vous aidons &agrave; &eacute;tablir des connexions avec de nouveaux publics et &agrave; obtenir des r&eacute;sultats concrets. Contactez-nous d&egrave;s aujourd&rsquo;hui pour commencer votre parcours de croissance mondiale !  <\/p>\n<p>[\/et_pb_text][dipi_button_grid flex_direction=\u00a0\u00bbrow\u00a0\u00bb flex_direction_tablet=\u00a0\u00bb\u00a0\u00bb flex_direction_phone=\u00a0\u00bbcolumn\u00a0\u00bb flex_direction_last_edited=\u00a0\u00bbon|phone\u00a0\u00bb align_items_tablet=\u00a0\u00bb\u00a0\u00bb align_items_phone=\u00a0\u00bbcenter\u00a0\u00bb align_items_last_edited=\u00a0\u00bbon|phone\u00a0\u00bb _builder_version=\u00a0\u00bb4.27.0&Prime; max_width=\u00a0\u00bb340px\u00a0\u00bb module_alignment=\u00a0\u00bbcenter\u00a0\u00bb custom_margin=\u00a0\u00bb50px||||false|false\u00a0\u00bb global_colors_info=\u00a0\u00bb{}\u00a0\u00bb][dipi_button_grid_child button_id=\u00a0\u00bbPricing\u00a0\u00bb button_text=\u00a0\u00bbVoir les tarifs\u00a0\u00bb button_link=\u00a0\u00bbhttps:\/\/mikebastin.com\/pricing\/\u00a0\u00bb _builder_version=\u00a0\u00bb4.27.0&Prime; custom_button=\u00a0\u00bbon\u00a0\u00bb button_text_size=\u00a0\u00bb18px\u00a0\u00bb button_text_color=\u00a0\u00bb#212c91&Prime; button_bg_color=\u00a0\u00bb#ffffff\u00a0\u00bb button_border_color=\u00a0\u00bb#ffffff\u00a0\u00bb button_border_radius=\u00a0\u00bb100px\u00a0\u00bb button_font=\u00a0\u00bbPoppins||||||||\u00a0\u00bb button_custom_padding=\u00a0\u00bb15px|30px|15px|30px|false|false\u00a0\u00bb box_shadow_style_button=\u00a0\u00bbpreset1&Prime; box_shadow_vertical_button=\u00a0\u00bb18px\u00a0\u00bb box_shadow_blur_button=\u00a0\u00bb30px\u00a0\u00bb box_shadow_color_button=\u00a0\u00bbrgba(21,28,104,0.45)\u00a0\u00bb global_colors_info=\u00a0\u00bb{}\u00a0\u00bb][\/dipi_button_grid_child][dipi_button_grid_child button_id=\u00a0\u00bbContact\u00a0\u00bb button_text=\u00a0\u00bbContactez-nous\u00a0\u00bb button_link=\u00a0\u00bbhttps:\/\/mikebastin.com\/contact-us\/\u00a0\u00bb _builder_version=\u00a0\u00bb4.27.0&Prime; custom_button=\u00a0\u00bbon\u00a0\u00bb button_text_size=\u00a0\u00bb18px\u00a0\u00bb button_text_color=\u00a0\u00bb#ffffff\u00a0\u00bb button_bg_color=\u00a0\u00bbrgba(0,0,0,0)\u00a0\u00bb button_border_width=\u00a0\u00bb1px\u00a0\u00bb button_border_radius=\u00a0\u00bb100px\u00a0\u00bb button_font=\u00a0\u00bbPoppins||||||||\u00a0\u00bb button_custom_padding=\u00a0\u00bb15px|30px|15px|30px|false|false\u00a0\u00bb custom_margin=\u00a0\u00bb|||10px|false|false\u00a0\u00bb custom_margin_tablet=\u00a0\u00bb\u00a0\u00bb custom_margin_phone=\u00a0\u00bb40px|||0px|false|false\u00a0\u00bb custom_margin_last_edited=\u00a0\u00bbon|phone\u00a0\u00bb global_colors_info=\u00a0\u00bb{}\u00a0\u00bb button_border_color__hover_enabled=\u00a0\u00bbon|hover\u00a0\u00bb button_border_color__hover=\u00a0\u00bb#ffffff\u00a0\u00bb][\/dipi_button_grid_child][\/dipi_button_grid][\/et_pb_column][\/et_pb_row][\/et_pb_section]<\/p>\n","protected":false},"excerpt":{"rendered":"<p>Suivez nos actualit\u00e9s pour ne rien manquer des derni\u00e8res informations, des inspirantes success stories et de nos collaborations. D\u00e9couvrez comment nous visons l&rsquo;excellence et comment l&rsquo;union fait notre force. <\/p>\n","protected":false},"author":3,"featured_media":24846505,"parent":0,"menu_order":5,"comment_status":"closed","ping_status":"closed","template":"","meta":{"_et_pb_use_builder":"on","_et_pb_old_content":"","_et_gb_content_width":"","footnotes":""},"dipi_cpt_category":[],"class_list":["post-24848143","page","type-page","status-publish","has-post-thumbnail","hentry"],"_links":{"self":[{"href":"https:\/\/mikebastin.com\/fr\/wp-json\/wp\/v2\/pages\/24848143","targetHints":{"allow":["GET"]}}],"collection":[{"href":"https:\/\/mikebastin.com\/fr\/wp-json\/wp\/v2\/pages"}],"about":[{"href":"https:\/\/mikebastin.com\/fr\/wp-json\/wp\/v2\/types\/page"}],"author":[{"embeddable":true,"href":"https:\/\/mikebastin.com\/fr\/wp-json\/wp\/v2\/users\/3"}],"replies":[{"embeddable":true,"href":"https:\/\/mikebastin.com\/fr\/wp-json\/wp\/v2\/comments?post=24848143"}],"version-history":[{"count":4,"href":"https:\/\/mikebastin.com\/fr\/wp-json\/wp\/v2\/pages\/24848143\/revisions"}],"predecessor-version":[{"id":24856338,"href":"https:\/\/mikebastin.com\/fr\/wp-json\/wp\/v2\/pages\/24848143\/revisions\/24856338"}],"wp:featuredmedia":[{"embeddable":true,"href":"https:\/\/mikebastin.com\/fr\/wp-json\/wp\/v2\/media\/24846505"}],"wp:attachment":[{"href":"https:\/\/mikebastin.com\/fr\/wp-json\/wp\/v2\/media?parent=24848143"}],"wp:term":[{"taxonomy":"dipi_cpt_category","embeddable":true,"href":"https:\/\/mikebastin.com\/fr\/wp-json\/wp\/v2\/dipi_cpt_category?post=24848143"}],"curies":[{"name":"wp","href":"https:\/\/api.w.org\/{rel}","templated":true}]}}