{"id":24847664,"date":"2020-11-30T13:41:53","date_gmt":"2020-11-30T13:41:53","guid":{"rendered":"https:\/\/mikebastin.com\/blog\/"},"modified":"2026-01-28T15:01:32","modified_gmt":"2026-01-28T15:01:32","slug":"blog","status":"publish","type":"page","link":"https:\/\/mikebastin.com\/es\/blog\/","title":{"rendered":"Blog"},"content":{"rendered":"<p>[et_pb_section fb_built=\u00bb1&#8243; _builder_version=\u00bb4.27.5&#8243; background_color=\u00bbrgba(0,0,0,0)\u00bb use_background_color_gradient=\u00bbon\u00bb background_color_gradient_direction=\u00bb1deg\u00bb background_color_gradient_stops=\u00bb#212c91 0%|rgba(12,16,40,0.2) 100%\u00bb background_color_gradient_overlays_image=\u00bbon\u00bb background_color_gradient_start=\u00bb#212c91&#8243; background_color_gradient_end=\u00bbrgba(12,16,40,0.2)\u00bb background_image=\u00bbhttps:\/\/mikebastin.com\/wp-content\/uploads\/2026\/01\/blog-SEO.jpg\u00bb background_blend=\u00bbdarken\u00bb z_index=\u00bb0&#8243; custom_padding=\u00bb150px||200px||false|false\u00bb bottom_divider_height=\u00bb150px\u00bb hover_enabled=\u00bb0&#8243; global_colors_info=\u00bb{}\u00bb sticky_enabled=\u00bb0&#8243; alt=\u00bbBlog SEO\u00bb][et_pb_row _builder_version=\u00bb4.16&#8243; background_size=\u00bbinitial\u00bb background_position=\u00bbtop_left\u00bb background_repeat=\u00bbrepeat\u00bb scroll_vertical_motion_enable=\u00bbon\u00bb scroll_vertical_motion=\u00bb0|50|50|100|-1|0|1&#8243; scroll_fade_enable=\u00bbon\u00bb scroll_fade=\u00bb0|70|70|100|100%|100|0%\u00bb motion_trigger_start=\u00bbbottom\u00bb global_colors_info=\u00bb{}\u00bb][et_pb_column type=\u00bb4_4&#8243; _builder_version=\u00bb4.16&#8243; custom_padding=\u00bb|||\u00bb global_colors_info=\u00bb{}\u00bb custom_padding__hover=\u00bb|||\u00bb][et_pb_text _builder_version=\u00bb4.27.5&#8243; text_font=\u00bbPoppins|700|||||||\u00bb text_text_color=\u00bb#ffffff\u00bb text_font_size=\u00bb4vw\u00bb text_line_height=\u00bb1em\u00bb header_font=\u00bbPoppins|700|||||||\u00bb header_text_color=\u00bb#FFFFFF\u00bb header_font_size=\u00bb4vw\u00bb text_orientation=\u00bbcenter\u00bb hover_enabled=\u00bb0&#8243; text_font_size_tablet=\u00bb8vw\u00bb text_font_size_phone=\u00bb8vw\u00bb text_font_size_last_edited=\u00bbon|tablet\u00bb header_font_size_tablet=\u00bb8vw\u00bb header_font_size_phone=\u00bb10vw\u00bb header_font_size_last_edited=\u00bbon|phone\u00bb global_colors_info=\u00bb{}\u00bb sticky_enabled=\u00bb0&#8243;]<\/p>\n<h1>Blog sobre SEO, IA y crecimiento digital internacional<\/h1>\n<p>[\/et_pb_text][et_pb_text _builder_version=\u00bb4.27.5&#8243; text_font=\u00bbPoppins|300|||||||\u00bb text_text_color=\u00bb#ffffff\u00bb text_font_size=\u00bb2vw\u00bb text_orientation=\u00bbcenter\u00bb custom_margin=\u00bb||||false|false\u00bb hover_enabled=\u00bb0&#8243; text_font_size_tablet=\u00bb4vw\u00bb text_font_size_phone=\u00bb6vw\u00bb text_font_size_last_edited=\u00bbon|phone\u00bb global_colors_info=\u00bb{}\u00bb sticky_enabled=\u00bb0&#8243;]<\/p>\n<p data-start=\"1070\" data-end=\"1254\">An\u00e1lisis pr\u00e1cticos, gu\u00edas estrat\u00e9gicas y reflexiones basadas en experiencia real para empresas.<\/p>\n<p>[\/et_pb_text][\/et_pb_column][\/et_pb_row][\/et_pb_section][et_pb_section fb_built=\u00bb1&#8243; _builder_version=\u00bb4.16&#8243; background_color=\u00bbrgba(0,0,0,0)\u00bb custom_margin=\u00bb-60px||||false|false\u00bb custom_padding=\u00bb0px||0px||false|false\u00bb global_colors_info=\u00bb{}\u00bb][et_pb_row _builder_version=\u00bb4.16&#8243; max_width=\u00bb120px\u00bb module_alignment=\u00bbcenter\u00bb custom_margin=\u00bb||||false|false\u00bb custom_padding=\u00bb0px||0px||false|false\u00bb global_colors_info=\u00bb{}\u00bb][et_pb_column type=\u00bb4_4&#8243; _builder_version=\u00bb4.16&#8243; global_colors_info=\u00bb{}\u00bb][dipi_hover_box use_content_icon=\u00bbon\u00bb content_icon=\u00bb&#x22;||divi||400&#8243; content_icon_color=\u00bb#f4f4f4&#8243; content_circle_icon=\u00bbon\u00bb content_circle_color=\u00bb#212c91&#8243; use_content_hover_icon=\u00bbon\u00bb content_hover_icon=\u00bb&#x22;||divi||400&#8243; content_hover_icon_color=\u00bb#212c91&#8243; content_hover_circle_icon=\u00bbon\u00bb content_hover_circle_color=\u00bb#ffffff\u00bb hover_box_align_front=\u00bbtop\u00bb hover_box_align_back=\u00bbtop\u00bb box_height=\u00bb120px\u00bb content_bg_color=\u00bbrgba(0,0,0,0)\u00bb content_hover_bg_color=\u00bbrgba(0,0,0,0)\u00bb _builder_version=\u00bb4.16&#8243; background_color=\u00bbrgba(0,0,0,0)\u00bb max_width=\u00bb90px\u00bb module_alignment=\u00bbcenter\u00bb custom_margin=\u00bb||||false|false\u00bb custom_padding=\u00bb||||false|false\u00bb animation_style=\u00bbbounce\u00bb animation_direction=\u00bbtop\u00bb animation_duration=\u00bb2000ms\u00bb animation_delay=\u00bb2000ms\u00bb animation_speed_curve=\u00bbease-out\u00bb link_option_url=\u00bb#services\u00bb custom_css_content_card_container=\u00bbpadding:0!important;\u00bb custom_css_content_hover_card_container=\u00bbpadding:0!important;\u00bb border_radii=\u00bbon|100px|100px|100px|100px\u00bb global_colors_info=\u00bb{}\u00bb background__hover_enabled=\u00bbon|hover\u00bb overlay_bg_color_gradient_type_tablet=\u00bblinear\u00bb overlay_bg_color_gradient_type_phone=\u00bblinear\u00bb overlay_bg_color_gradient_type__hover=\u00bblinear\u00bb image_bg_color_gradient_type__hover=\u00bblinear\u00bb item_bg_color_gradient_type=\u00bblinear\u00bb overlay_bg_color_gradient_type=\u00bblinear\u00bb image_bg_color_gradient_type=\u00bblinear\u00bb front_side_bg_color_gradient_type=\u00bblinear\u00bb back_side_bg_color_gradient_type=\u00bblinear\u00bb first_heading_color_gradient_type=\u00bblinear\u00bb second_heading_color_gradient_type=\u00bblinear\u00bb background_text_color_gradient_type=\u00bblinear\u00bb fh_reveal_effect_color_gradient_type=\u00bblinear\u00bb sh_reveal_effect_color_gradient_type=\u00bblinear\u00bb][\/dipi_hover_box][\/et_pb_column][\/et_pb_row][\/et_pb_section][et_pb_section fb_built=\u00bb1&#8243; _builder_version=\u00bb4.16&#8243; _module_preset=\u00bbdefault\u00bb global_colors_info=\u00bb{}\u00bb][et_pb_row _builder_version=\u00bb4.16&#8243; _module_preset=\u00bbdefault\u00bb global_colors_info=\u00bb{}\u00bb][et_pb_column type=\u00bb4_4&#8243; _builder_version=\u00bb4.16&#8243; _module_preset=\u00bbdefault\u00bb global_colors_info=\u00bb{}\u00bb][et_pb_text _builder_version=\u00bb4.27.5&#8243; _module_preset=\u00bbdefault\u00bb hover_enabled=\u00bb0&#8243; sticky_enabled=\u00bb0&#8243;]<\/p>\n<h3 style=\"text-align: center;\">Aqu\u00ed comparto aprendizajes reales sobre SEO t\u00e9cnico, optimizaci\u00f3n para motores generativos, an\u00e1lisis competitivo y estrategia digital aplicada a proyectos internacionales.<\/h3>\n<h3 style=\"text-align: center;\">Sin recetas m\u00e1gicas. Sin ruido innecesario. Solo decisiones basadas en datos, contexto y experiencia.<\/h3>\n<p>[\/et_pb_text][et_pb_blog fullwidth=\u00bboff\u00bb posts_number=\u00bb12&#8243; show_more=\u00bbon\u00bb _builder_version=\u00bb4.27.2&#8243; _module_preset=\u00bbdefault\u00bb header_font=\u00bbPoppins|700|||||||\u00bb header_text_color=\u00bb#0c1028&#8243; header_font_size=\u00bb24px\u00bb header_line_height=\u00bb1.2em\u00bb body_font=\u00bbPoppins|300|||||||\u00bb body_text_color=\u00bb#0c1028&#8243; body_line_height=\u00bb1.9em\u00bb meta_font=\u00bb|600||on|||||\u00bb meta_text_color=\u00bb#212c91&#8243; meta_font_size=\u00bb12px\u00bb meta_letter_spacing=\u00bb1px\u00bb read_more_font=\u00bbPoppins|700||on|||||\u00bb read_more_text_color=\u00bb#212c91&#8243; hover_enabled=\u00bb0&#8243; custom_css_content=\u00bbmargin-bottom: 20px !important;||margin-top: 20px;\u00bb custom_css_read_more=\u00bbpadding: 8px 20px;||background-color: #e4e6f9;||border-radius: 100px;||margin-top: 20px !important;||display: inline-block;||transition: all .3s ease-in-out;\u00bb border_width_all=\u00bb0px\u00bb box_shadow_style=\u00bbpreset1&#8243; box_shadow_blur=\u00bb40px\u00bb box_shadow_color=\u00bbrgba(33,44,145,0.1)\u00bb global_colors_info=\u00bb{}\u00bb custom_css_read_more__hover_enabled=\u00bbon|desktop\u00bb custom_css_read_more__hover=\u00bbbackground-color: #2b3db3;||transition: all .4s ease-in-out;\u00bb read_more_text_color__hover_enabled=\u00bbon|hover\u00bb read_more_text_color__hover=\u00bb#ffffff\u00bb sticky_enabled=\u00bb0&#8243;][\/et_pb_blog][\/et_pb_column][\/et_pb_row][et_pb_row _builder_version=\u00bb4.27.5&#8243; _module_preset=\u00bbdefault\u00bb][et_pb_column _builder_version=\u00bb4.27.5&#8243; _module_preset=\u00bbdefault\u00bb type=\u00bb4_4&#8243;][\/et_pb_column][\/et_pb_row][\/et_pb_section][et_pb_section fb_built=\u00bb1&#8243; _builder_version=\u00bb4.16&#8243; use_background_color_gradient=\u00bbon\u00bb background_color_gradient_direction=\u00bb104deg\u00bb background_color_gradient_stops=\u00bb#212c91 0%|#324fd1 100%\u00bb background_color_gradient_start=\u00bb#212c91&#8243; background_color_gradient_end=\u00bb#324fd1&#8243; background_image=\u00bbhttps:\/\/demo.divi-pixel.com\/agency\/wp-content\/uploads\/sites\/2\/2020\/04\/agency-pattern-03.png\u00bb background_size=\u00bbcontain\u00bb background_position=\u00bbcenter_right\u00bb background_repeat=\u00bbrepeat\u00bb background_blend=\u00bbcolor-dodge\u00bb global_colors_info=\u00bb{}\u00bb][et_pb_row use_custom_gutter=\u00bbon\u00bb gutter_width=\u00bb1&#8243; _builder_version=\u00bb4.16&#8243; background_size=\u00bbinitial\u00bb background_position=\u00bbtop_left\u00bb background_repeat=\u00bbrepeat\u00bb global_colors_info=\u00bb{}\u00bb][et_pb_column type=\u00bb4_4&#8243; _builder_version=\u00bb4.16&#8243; custom_padding=\u00bb|||\u00bb global_colors_info=\u00bb{}\u00bb custom_padding__hover=\u00bb|||\u00bb][et_pb_text _builder_version=\u00bb4.16&#8243; text_font=\u00bbPoppins|700|||||||\u00bb text_text_color=\u00bb#ffffff\u00bb text_font_size=\u00bb2.5vw\u00bb text_line_height=\u00bb1.2em\u00bb text_orientation=\u00bbcenter\u00bb text_font_size_tablet=\u00bb5vw\u00bb text_font_size_phone=\u00bb7vw\u00bb text_font_size_last_edited=\u00bbon|phone\u00bb global_colors_info=\u00bb{}\u00bb]Trabajemos juntos[\/et_pb_text][et_pb_divider color=\u00bb#ffffff\u00bb divider_style=\u00bbdotted\u00bb divider_position=\u00bbbottom\u00bb divider_weight=\u00bb8px\u00bb _builder_version=\u00bb4.16&#8243; width=\u00bb40px\u00bb max_width=\u00bb40px\u00bb module_alignment=\u00bbcenter\u00bb animation_style=\u00bbzoom\u00bb animation_direction=\u00bbright\u00bb animation_duration=\u00bb2000ms\u00bb animation_intensity_zoom=\u00bb100%\u00bb global_colors_info=\u00bb{}\u00bb][\/et_pb_divider][et_pb_text _builder_version=\u00bb4.27.0&#8243; text_font=\u00bbPoppins|300|||||||\u00bb text_text_color=\u00bbrgba(255,255,255,0.5)\u00bb text_font_size=\u00bb20px\u00bb text_line_height=\u00bb1.4em\u00bb text_orientation=\u00bbcenter\u00bb max_width=\u00bb859px\u00bb module_alignment=\u00bbcenter\u00bb custom_margin=\u00bb20px||||false|false\u00bb text_font_size_tablet=\u00bb\u00bb text_font_size_phone=\u00bb17px\u00bb text_font_size_last_edited=\u00bbon|phone\u00bb global_colors_info=\u00bb{}\u00bb]<\/p>\n<p>Expande tu alcance con nuestros servicios profesionales de marketing digital. Desde SEO y dise\u00f1o web hasta contenido dirigido y PPC, te ayudamos a conectar con nuevas audiencias y obtener resultados reales. \u00a1Cont\u00e1ctanos hoy para empezar tu recorrido de crecimiento a nivel mundial!  <\/p>\n<p>[\/et_pb_text][dipi_button_grid flex_direction=\u00bbrow\u00bb flex_direction_tablet=\u00bb\u00bb flex_direction_phone=\u00bbcolumn\u00bb flex_direction_last_edited=\u00bbon|phone\u00bb align_items_tablet=\u00bb\u00bb align_items_phone=\u00bbcenter\u00bb align_items_last_edited=\u00bbon|phone\u00bb _builder_version=\u00bb4.27.0&#8243; max_width=\u00bb340px\u00bb module_alignment=\u00bbcenter\u00bb custom_margin=\u00bb50px||||false|false\u00bb global_colors_info=\u00bb{}\u00bb][dipi_button_grid_child button_id=\u00bbPricing\u00bb button_text=\u00bbVer precios\u00bb button_link=\u00bbhttps:\/\/mikebastin.com\/es\/precios\/\u00bb _builder_version=\u00bb4.27.0&#8243; custom_button=\u00bbon\u00bb button_text_size=\u00bb18px\u00bb button_text_color=\u00bb#212c91&#8243; button_bg_color=\u00bb#ffffff\u00bb button_border_color=\u00bb#ffffff\u00bb button_border_radius=\u00bb100px\u00bb button_font=\u00bbPoppins||||||||\u00bb button_custom_padding=\u00bb15px|30px|15px|30px|false|false\u00bb box_shadow_style_button=\u00bbpreset1&#8243; box_shadow_vertical_button=\u00bb18px\u00bb box_shadow_blur_button=\u00bb30px\u00bb box_shadow_color_button=\u00bbrgba(21,28,104,0.45)\u00bb global_colors_info=\u00bb{}\u00bb][\/dipi_button_grid_child][dipi_button_grid_child button_id=\u00bbContact\u00bb button_text=\u00bbCont\u00e1ctanos\u00bb button_link=\u00bbhttps:\/\/mikebastin.com\/es\/contactanos\/\u00bb _builder_version=\u00bb4.27.0&#8243; custom_button=\u00bbon\u00bb button_text_size=\u00bb18px\u00bb button_text_color=\u00bb#ffffff\u00bb button_bg_color=\u00bbrgba(0,0,0,0)\u00bb button_border_width=\u00bb1px\u00bb button_border_radius=\u00bb100px\u00bb button_font=\u00bbPoppins||||||||\u00bb button_custom_padding=\u00bb15px|30px|15px|30px|false|false\u00bb custom_margin=\u00bb|||10px|false|false\u00bb custom_margin_tablet=\u00bb\u00bb custom_margin_phone=\u00bb40px|||0px|false|false\u00bb custom_margin_last_edited=\u00bbon|phone\u00bb global_colors_info=\u00bb{}\u00bb button_border_color__hover_enabled=\u00bbon|hover\u00bb button_border_color__hover=\u00bb#ffffff\u00bb][\/dipi_button_grid_child][\/dipi_button_grid][\/et_pb_column][\/et_pb_row][\/et_pb_section]<\/p>\n","protected":false},"excerpt":{"rendered":"<p>Mantente actualizado con las \u00faltimas noticias, historias de \u00e9xito inspiradoras y colaboraciones. Descubre c\u00f3mo so\u00f1amos a lo grande y trabajamos juntos para lograr m\u00e1s. <\/p>\n","protected":false},"author":3,"featured_media":24846506,"parent":0,"menu_order":5,"comment_status":"closed","ping_status":"closed","template":"","meta":{"_et_pb_use_builder":"on","_et_pb_old_content":"","_et_gb_content_width":"","footnotes":""},"dipi_cpt_category":[],"class_list":["post-24847664","page","type-page","status-publish","has-post-thumbnail","hentry"],"_links":{"self":[{"href":"https:\/\/mikebastin.com\/es\/wp-json\/wp\/v2\/pages\/24847664","targetHints":{"allow":["GET"]}}],"collection":[{"href":"https:\/\/mikebastin.com\/es\/wp-json\/wp\/v2\/pages"}],"about":[{"href":"https:\/\/mikebastin.com\/es\/wp-json\/wp\/v2\/types\/page"}],"author":[{"embeddable":true,"href":"https:\/\/mikebastin.com\/es\/wp-json\/wp\/v2\/users\/3"}],"replies":[{"embeddable":true,"href":"https:\/\/mikebastin.com\/es\/wp-json\/wp\/v2\/comments?post=24847664"}],"version-history":[{"count":1,"href":"https:\/\/mikebastin.com\/es\/wp-json\/wp\/v2\/pages\/24847664\/revisions"}],"predecessor-version":[{"id":24856119,"href":"https:\/\/mikebastin.com\/es\/wp-json\/wp\/v2\/pages\/24847664\/revisions\/24856119"}],"wp:featuredmedia":[{"embeddable":true,"href":"https:\/\/mikebastin.com\/es\/wp-json\/wp\/v2\/media\/24846506"}],"wp:attachment":[{"href":"https:\/\/mikebastin.com\/es\/wp-json\/wp\/v2\/media?parent=24847664"}],"wp:term":[{"taxonomy":"dipi_cpt_category","embeddable":true,"href":"https:\/\/mikebastin.com\/es\/wp-json\/wp\/v2\/dipi_cpt_category?post=24847664"}],"curies":[{"name":"wp","href":"https:\/\/api.w.org\/{rel}","templated":true}]}}